{"id":1768,"date":"2018-05-14T19:46:29","date_gmt":"2018-05-14T18:46:29","guid":{"rendered":"https:\/\/shinsonhapkido-erbach.de\/?page_id=1768"},"modified":"2018-05-14T20:11:51","modified_gmt":"2018-05-14T19:11:51","slug":"datenschutz","status":"publish","type":"page","link":"https:\/\/shinsonhapkido-erbach.de\/?page_id=1768","title":{"rendered":"Datenschutz"},"content":{"rendered":"<p><strong>Cookies<\/strong><br \/>\nCookies sind Textdateien, die automatisch bei dem Aufruf einer Webseite lokal im Browser des Besuchers abgelegt werden. Diese Website setzt Cookies ein, um das Angebot nutzerfreundlich und funktionaler zu gestalten. Mit Anwendung der DSGVO 2018 sind Webmaster dazu verpflichtet, der <a href=\"https:\/\/eu-datenschutz.org\/\">Grundverordnung<\/a> Folge zu leisten und seine Nutzer entsprechend \u00fcber die Erfassung und Auswertung von Daten in Kenntnis zu setzen. Die Rechtm\u00e4\u00dfigkeit der Verarbeitung ist in Kapitel 2, Artikel 6 der DSGVO begr\u00fcndet.<\/p>\n<p><strong>Counterize<\/strong><br \/>\nDiese Website benutzt Counterize als Statistik-Tool. Counterize verwendet Cookies (siehe oben) die eine Analyse der Benutzung der Website durch Sie erm\u00f6glichen. Die durch den Cookie erzeugten Informationen \u00fcber Ihre Benutzung dieser Website werden anonym behandelt. Ihre IP-Adresse wird von uns nicht erfasst oder gespeichert, da wir die entsprechende Funktion von Counterize nicht aktiviert haben.<br \/>\nDie Benutzung von Counterize dient einer nicht personenbezogenen Statistikerstellung und wird dazu verwendet, diese Seite benutzerfreundlicher zu gestalten.<\/p>\n","protected":false},"excerpt":{"rendered":"<p>Cookies Cookies sind Textdateien, die automatisch bei dem Aufruf einer Webseite lokal im Browser des Besuchers abgelegt werden. Diese Website setzt Cookies [&hellip;]<\/p>\n","protected":false},"author":86,"featured_media":0,"parent":0,"menu_order":0,"comment_status":"closed","ping_status":"closed","template":"","meta":{"footnotes":""},"class_list":["post-1768","page","type-page","status-publish","hentry"],"_links":{"self":[{"href":"https:\/\/shinsonhapkido-erbach.de\/index.php?rest_route=\/wp\/v2\/pages\/1768","targetHints":{"allow":["GET"]}}],"collection":[{"href":"https:\/\/shinsonhapkido-erbach.de\/index.php?rest_route=\/wp\/v2\/pages"}],"about":[{"href":"https:\/\/shinsonhapkido-erbach.de\/index.php?rest_route=\/wp\/v2\/types\/page"}],"author":[{"embeddable":true,"href":"https:\/\/shinsonhapkido-erbach.de\/index.php?rest_route=\/wp\/v2\/users\/86"}],"replies":[{"embeddable":true,"href":"https:\/\/shinsonhapkido-erbach.de\/index.php?rest_route=%2Fwp%2Fv2%2Fcomments&post=1768"}],"version-history":[{"count":4,"href":"https:\/\/shinsonhapkido-erbach.de\/index.php?rest_route=\/wp\/v2\/pages\/1768\/revisions"}],"predecessor-version":[{"id":1773,"href":"https:\/\/shinsonhapkido-erbach.de\/index.php?rest_route=\/wp\/v2\/pages\/1768\/revisions\/1773"}],"wp:attachment":[{"href":"https:\/\/shinsonhapkido-erbach.de\/index.php?rest_route=%2Fwp%2Fv2%2Fmedia&parent=1768"}],"curies":[{"name":"wp","href":"https:\/\/api.w.org\/{rel}","templated":true}]}}